{"id":1238,"date":"2023-11-17T07:12:05","date_gmt":"2023-11-17T07:12:05","guid":{"rendered":"https:\/\/wp.diawa.at\/?page_id=1238"},"modified":"2023-11-19T14:35:23","modified_gmt":"2023-11-19T14:35:23","slug":"datenschutz","status":"publish","type":"page","link":"https:\/\/wp.diawa.at\/en\/datenschutz\/","title":{"rendered":"Privacy Policy"},"content":{"rendered":"<div data-elementor-type=\"wp-page\" data-elementor-id=\"1238\" class=\"elementor elementor-1238\">\n\t\t\t\t<div class=\"elementor-element elementor-element-f5242c1 e-con-full e-flex e-con e-parent\" data-id=\"f5242c1\" data-element_type=\"container\" data-settings=\"{&quot;background_background&quot;:&quot;classic&quot;}\">\n\t\t<div class=\"elementor-element elementor-element-b80b4f8 e-flex e-con-boxed e-con e-child\" data-id=\"b80b4f8\" data-element_type=\"container\">\n\t\t\t\t\t<div class=\"e-con-inner\">\n\t\t\t\t<div class=\"elementor-element elementor-element-d9854c5 elementor-invisible elementor-widget elementor-widget-heading\" data-id=\"d9854c5\" data-element_type=\"widget\" data-settings=\"{&quot;_animation&quot;:&quot;fadeIn&quot;}\" data-widget_type=\"heading.default\">\n\t\t\t\t<div class=\"elementor-widget-container\">\n\t\t\t\t\t<h2 class=\"elementor-heading-title elementor-size-xxl\">Privacy Policy<\/h2>\t\t\t\t<\/div>\n\t\t\t\t<\/div>\n\t\t\t\t<div class=\"elementor-element elementor-element-dd462df elementor-widget elementor-widget-text-editor\" data-id=\"dd462df\" data-element_type=\"widget\" data-widget_type=\"text-editor.default\">\n\t\t\t\t<div class=\"elementor-widget-container\">\n\t\t\t\t\t\t\t\t\t<div class=\"translation-block\">\"We respect your privacy and strive to handle your personal data securely. In accordance with the EU General Data Protection Regulation (GDPR), we would like to inform you about how we collect, process, and store your data. Your data, including your first and last name and email address, will be used solely for administrative purposes within applications such as seat reservations. We do not disclose your data to third parties and secure it with appropriate technical and organizational measures. If you have further questions about our privacy practices, please contact our Data Protection Officer, DI Axel Wawrina. By accepting the GDPR and entering your data, you consent to the processing of your data in accordance with this privacy policy.\n\nThis website uses Google Analytics, a web analytics service provided by Google Inc. (\"Google\"). Google Analytics uses so-called \"cookies,\" text files that are stored on your computer and enable an analysis of your use of the website. The information generated by the cookie about your use of this website is usually transmitted to a Google server in the USA and stored there. In case of activation of IP anonymization on this website, your IP address will be truncated by Google within the member states of the European Union or in other contracting states of the Agreement on the European Economic Area before. Only in exceptional cases will the full IP address be transmitted to a Google server in the USA and shortened there. On behalf of the operator of this website, Google will use this information to evaluate your use of the website, to compile reports on website activity, and to provide other services related to website activity and internet usage to the website operator. The IP address transmitted by your browser as part of Google Analytics will not be merged with other data from Google. You can prevent the storage of cookies by adjusting your browser software accordingly; however, we would like to point out that in this case, you may not be able to use all functions of this website to their full extent. You can also prevent Google from collecting the data generated by the cookie and related to your use of the website (including your IP address) and from processing this data by Google by downloading and installing the browser plugin available at the following link: Google Analytics Opt-out Browser Add-on.\n\nYou can prevent the collection by Google Analytics by clicking on the following link. An opt-out cookie will be set, which prevents the future collection of your data when visiting this website: Disable Google Analytics. Further information on terms of use and data protection can be found at http:\/\/www.google.com\/analytics\/terms\/us.html or at https:\/\/www.google.com\/intl\/en\/policies\/. We would like to point out that on this website, Google Analytics has been extended with the code \"anonymizeIp\" to ensure anonymous collection of IP addresses (so-called IP masking). We also use Google Analytics to evaluate data from AdWords and the DoubleClick cookie for statistical purposes. If you do not wish this, you can disable it through the Ad Preferences Manager.\"<\/div>\t\t\t\t\t\t\t\t<\/div>\n\t\t\t\t<\/div>\n\t\t\t\t<div class=\"elementor-element elementor-element-f70c655 elementor-widget elementor-widget-spacer\" data-id=\"f70c655\" data-element_type=\"widget\" data-widget_type=\"spacer.default\">\n\t\t\t\t<div class=\"elementor-widget-container\">\n\t\t\t\t\t\t\t<div class=\"elementor-spacer\">\n\t\t\t<div class=\"elementor-spacer-inner\"><\/div>\n\t\t<\/div>\n\t\t\t\t\t\t<\/div>\n\t\t\t\t<\/div>\n\t\t\t\t\t<\/div>\n\t\t\t\t<\/div>\n\t\t\t\t<\/div>\n\t\t\t\t<\/div>","protected":false},"excerpt":{"rendered":"<p>Datenschutzhinweis Wir respektieren Ihre Privatsph\u00e4re und sind bestrebt, Ihre pers\u00f6nlichen Daten sicher zu behandeln. In \u00dcbereinstimmung mit der EU-Datenschutzgrundverordnung (DSGVO) m\u00f6chten wir Sie dar\u00fcber informieren, wie wir Ihre Daten sammeln, verarbeiten und speichern. Ihre Daten, einschlie\u00dflich Ihres Vor- und Nachnamens und Ihrer E-Mail-Adresse, werden ausschlie\u00dflich zur Verwaltung innerhalb von Anwendungen wie zum Beispiel von\u00a0 Sitzplatzreservierungen [&hellip;]<\/p>\n","protected":false},"author":1,"featured_media":0,"parent":0,"menu_order":0,"comment_status":"closed","ping_status":"closed","template":"","meta":{"ocean_post_layout":"full-screen","ocean_both_sidebars_style":"","ocean_both_sidebars_content_width":0,"ocean_both_sidebars_sidebars_width":0,"ocean_sidebar":"","ocean_second_sidebar":"","ocean_disable_margins":"enable","ocean_add_body_class":"","ocean_shortcode_before_top_bar":"","ocean_shortcode_after_top_bar":"","ocean_shortcode_before_header":"","ocean_shortcode_after_header":"","ocean_has_shortcode":"","ocean_shortcode_after_title":"","ocean_shortcode_before_footer_widgets":"","ocean_shortcode_after_footer_widgets":"","ocean_shortcode_before_footer_bottom":"","ocean_shortcode_after_footer_bottom":"","ocean_display_top_bar":"off","ocean_display_header":"default","ocean_header_style":"","ocean_center_header_left_menu":"","ocean_custom_header_template":"","ocean_custom_logo":0,"ocean_custom_retina_logo":0,"ocean_custom_logo_max_width":0,"ocean_custom_logo_tablet_max_width":0,"ocean_custom_logo_mobile_max_width":0,"ocean_custom_logo_max_height":0,"ocean_custom_logo_tablet_max_height":0,"ocean_custom_logo_mobile_max_height":0,"ocean_header_custom_menu":"","ocean_menu_typo_font_family":"","ocean_menu_typo_font_subset":"","ocean_menu_typo_font_size":0,"ocean_menu_typo_font_size_tablet":0,"ocean_menu_typo_font_size_mobile":0,"ocean_menu_typo_font_size_unit":"px","ocean_menu_typo_font_weight":"","ocean_menu_typo_font_weight_tablet":"","ocean_menu_typo_font_weight_mobile":"","ocean_menu_typo_transform":"","ocean_menu_typo_transform_tablet":"","ocean_menu_typo_transform_mobile":"","ocean_menu_typo_line_height":0,"ocean_menu_typo_line_height_tablet":0,"ocean_menu_typo_line_height_mobile":0,"ocean_menu_typo_line_height_unit":"","ocean_menu_typo_spacing":0,"ocean_menu_typo_spacing_tablet":0,"ocean_menu_typo_spacing_mobile":0,"ocean_menu_typo_spacing_unit":"","ocean_menu_link_color":"","ocean_menu_link_color_hover":"","ocean_menu_link_color_active":"","ocean_menu_link_background":"","ocean_menu_link_hover_background":"","ocean_menu_link_active_background":"","ocean_menu_social_links_bg":"","ocean_menu_social_hover_links_bg":"","ocean_menu_social_links_color":"","ocean_menu_social_hover_links_color":"","ocean_disable_title":"on","ocean_disable_heading":"default","ocean_post_title":"","ocean_post_subheading":"","ocean_post_title_style":"","ocean_post_title_background_color":"","ocean_post_title_background":0,"ocean_post_title_bg_image_position":"","ocean_post_title_bg_image_attachment":"","ocean_post_title_bg_image_repeat":"","ocean_post_title_bg_image_size":"","ocean_post_title_height":0,"ocean_post_title_bg_overlay":0.5,"ocean_post_title_bg_overlay_color":"","ocean_disable_breadcrumbs":"default","ocean_breadcrumbs_color":"","ocean_breadcrumbs_separator_color":"","ocean_breadcrumbs_links_color":"","ocean_breadcrumbs_links_hover_color":"","ocean_display_footer_widgets":"off","ocean_display_footer_bottom":"off","ocean_custom_footer_template":"","footnotes":""},"class_list":["post-1238","page","type-page","status-publish","hentry","entry"],"_links":{"self":[{"href":"https:\/\/wp.diawa.at\/en\/wp-json\/wp\/v2\/pages\/1238","targetHints":{"allow":["GET"]}}],"collection":[{"href":"https:\/\/wp.diawa.at\/en\/wp-json\/wp\/v2\/pages"}],"about":[{"href":"https:\/\/wp.diawa.at\/en\/wp-json\/wp\/v2\/types\/page"}],"author":[{"embeddable":true,"href":"https:\/\/wp.diawa.at\/en\/wp-json\/wp\/v2\/users\/1"}],"replies":[{"embeddable":true,"href":"https:\/\/wp.diawa.at\/en\/wp-json\/wp\/v2\/comments?post=1238"}],"version-history":[{"count":0,"href":"https:\/\/wp.diawa.at\/en\/wp-json\/wp\/v2\/pages\/1238\/revisions"}],"wp:attachment":[{"href":"https:\/\/wp.diawa.at\/en\/wp-json\/wp\/v2\/media?parent=1238"}],"curies":[{"name":"wp","href":"https:\/\/api.w.org\/{rel}","templated":true}]}}